{"id":136,"date":"2016-05-22T12:26:11","date_gmt":"2016-05-22T12:26:11","guid":{"rendered":"http:\/\/projectx.dela0.ro\/?page_id=136"},"modified":"2016-06-30T17:17:42","modified_gmt":"2016-06-30T17:17:42","slug":"problema","status":"publish","type":"page","link":"http:\/\/ferentari.dela0.ro\/index.php\/problema\/","title":{"rendered":"Care e problema"},"content":{"rendered":"<p>V\u0103 propunem s\u0103 urca\u021bi al\u0103turi de noi \u00eentr-o ma\u0219in\u0103 a timpului. Nu mergem departe, doar vreo 10 kilometri p\u00e2n\u0103 \u00een inima unor comunit\u0103\u021bi din Bucure\u0219ti care se zbat, \u00een fiecare zi, s\u0103 supravie\u021buiasc\u0103.<\/p>\n<p>Vom \u00eent\u00e2lni oameni pentru care apa curent\u0103, lumina electric\u0103, agentul termic ori gazele naturale sunt un lux. Absen\u021ba lor \u00eentre\u021bine subdezvoltarea. Iar subdezvoltarea \u00eentre\u021bine s\u0103r\u0103cia extrem\u0103.<\/p>\n<p>S\u0103 fii nevoit s\u0103 sustragi curent pentru a-\u021bi aprinde un bec \u00een cas\u0103 seara e, \u00eenainte de orice, o dram\u0103. Codul penal \u00eencadreaz\u0103 sec fapta: furt! \u0218i totu\u0219i, \u00een lipsa oric\u0103ror alte mijloace, oamenii ajung ei \u00een\u0219i\u0219i mici arcuri fr\u00e2nte la intersec\u021bia nenum\u0103ratelor cercuri vicioase.<\/p>\n<p>Ultima fraz\u0103 e o metafor\u0103 care orneaz\u0103 stilistic o realitate crunt\u0103. Realitatea e c\u0103 exist\u0103 mii \u0219i mii de oameni \u00een Capitala Rom\u00e2niei care nu sunt priva\u021bi doar de lumin\u0103, ap\u0103, cur\u0103\u021benie. F\u0103r\u0103 toate aceste lucruri de baz\u0103, \u00een lipsa c\u0103rora majoritatea celor care citesc aceste r\u00e2nduri nici nu-\u0219i imagineaz\u0103 via\u021ba, oamenii despre care vrem s\u0103 povestim sunt priva\u021bi de fapt de educa\u021bie, acces la informa\u021bie, locuri de munc\u0103 \u0219i viitor.<\/p>\n<p>S\u0103 crezi c\u0103 ziua de m\u00e2ine poate aduce o speran\u021b\u0103 \u00een plus, o \u0219ans\u0103 \u00een plus e un lucru pe care mul\u021bi dintre ace\u0219tia nu \u0219i-l pot permite.<\/p>\n<p>Ce ne propunem \u00een <a href=\"http:\/\/ferentari.dela0.ro\/index.php\/despre\/\" target=\"_blank\"><strong>&#8222;Ferentari Lux&#8221; <\/strong><\/a>e s\u0103 pornim de la lipsurile majore ale comunit\u0103\u021bilor de acolo, de la nevoile lor stringente, pentru a ajunge la oameni. Oameni \u00een carne \u0219i oase ale c\u0103ror destine sunt, mai devreme sau mai t\u00e2rziu, condi\u021bionate de accesul precar la utilit\u0103\u021bi publice.<\/p>\n<p>Energia electric\u0103, agentul termic, canalizarea nu sunt simple bunuri tranzac\u021bionate \u00een opera\u021biuni comerciale. S\u0103 ai curent \u00een cas\u0103 te poate defini civiliza\u021bional &#8211; po\u021bi s\u0103 \u00eenve\u021bi la lumina unui bec sau s\u0103-\u021bi \u021bii alimentele \u00eentr-un frigider sau s\u0103 te ui\u021bi la un jurnal de \u0219tiri la televizor.<\/p>\n<p>Ori po\u021bi s\u0103 n-ai nimic din toate acestea.<\/p>\n","protected":false},"excerpt":{"rendered":"<p>V\u0103 propunem s\u0103 urca\u021bi al\u0103turi de noi \u00eentr-o ma\u0219in\u0103 a timpului. Nu mergem departe, doar vreo 10 kilometri p\u00e2n\u0103 \u00een inima unor comunit\u0103\u021bi din Bucure\u0219ti care se zbat, \u00een fiecare zi, s\u0103 supravie\u021buiasc\u0103. Vom \u00eent\u00e2lni oameni pentru care apa curent\u0103, lumina electric\u0103, agentul termic ori gazele naturale sunt un lux. Absen\u021ba lor \u00eentre\u021bine subdezvoltarea. Iar [&hellip;]<\/p>\n","protected":false},"author":1,"featured_media":0,"parent":0,"menu_order":0,"comment_status":"closed","ping_status":"closed","template":"","meta":{"jetpack_post_was_ever_published":false,"footnotes":""},"class_list":["post-136","page","type-page","status-publish","hentry"],"jetpack_shortlink":"https:\/\/wp.me\/P7Ov1r-2c","jetpack_sharing_enabled":true,"_links":{"self":[{"href":"http:\/\/ferentari.dela0.ro\/index.php\/wp-json\/wp\/v2\/pages\/136","targetHints":{"allow":["GET"]}}],"collection":[{"href":"http:\/\/ferentari.dela0.ro\/index.php\/wp-json\/wp\/v2\/pages"}],"about":[{"href":"http:\/\/ferentari.dela0.ro\/index.php\/wp-json\/wp\/v2\/types\/page"}],"author":[{"embeddable":true,"href":"http:\/\/ferentari.dela0.ro\/index.php\/wp-json\/wp\/v2\/users\/1"}],"replies":[{"embeddable":true,"href":"http:\/\/ferentari.dela0.ro\/index.php\/wp-json\/wp\/v2\/comments?post=136"}],"version-history":[{"count":7,"href":"http:\/\/ferentari.dela0.ro\/index.php\/wp-json\/wp\/v2\/pages\/136\/revisions"}],"predecessor-version":[{"id":395,"href":"http:\/\/ferentari.dela0.ro\/index.php\/wp-json\/wp\/v2\/pages\/136\/revisions\/395"}],"wp:attachment":[{"href":"http:\/\/ferentari.dela0.ro\/index.php\/wp-json\/wp\/v2\/media?parent=136"}],"curies":[{"name":"wp","href":"https:\/\/api.w.org\/{rel}","templated":true}]}}